{"id":25,"date":"2015-10-15T15:32:49","date_gmt":"2015-10-15T15:32:49","guid":{"rendered":"http:\/\/wpoffice\/construction\/?page_id=25"},"modified":"2021-03-04T16:10:28","modified_gmt":"2021-03-04T16:10:28","slug":"oferta","status":"publish","type":"page","link":"https:\/\/cordklima.pl\/en\/oferta\/","title":{"rendered":"Our Offer"},"content":{"rendered":"<div style='padding-bottom:0px; ' class='av-special-heading av-special-heading-h2  blockquote modern-quote modern-centered  avia-builder-el-0  el_before_av_hr  avia-builder-el-first'><h2 class='av-special-heading-tag'  itemprop=\"headline\"  >Our Offer<\/h2><div class='special-heading-border'><div class='special-heading-inner-border' ><\/div><\/div><\/div>\n<div style=' margin-top:5px; margin-bottom:35px;'  class='hr hr-custom hr-center hr-icon-no   avia-builder-el-1  el_after_av_heading  el_before_av_textblock'><span class='hr-inner   inner-border-av-border-fat' style=' width:50px; border-color:#0aaae4;' ><span class='hr-inner-style'><\/span><\/span><\/div>\n<section class=\"av_textblock_section\"  itemscope=\"itemscope\" itemtype=\"https:\/\/schema.org\/CreativeWork\" ><div class='avia_textblock'   itemprop=\"text\" ><p style=\"text-align: center;\">We only work with proven brands.<br \/>\nDepending on your needs, we offer\u00a0<strong>wall, cassette, duct, floor and ceiling air-conditioning units,<\/strong>\u00a0as well as multisplit solutions.<\/p>\n<\/div><\/section>\n<div class=\"flex_column av_one_half  flex_column_div av-zero-column-padding first  avia-builder-el-3  el_after_av_textblock  el_before_av_one_half  column-top-margin\" style='border-radius:0px; '><p><div style='padding-bottom:0px; font-size:17px;' class='av-special-heading av-special-heading-h2  blockquote modern-quote modern-centered  avia-builder-el-4  el_before_av_hr  avia-builder-el-first   av-inherit-size'><h2 class='av-special-heading-tag'  itemprop=\"headline\"  >Assembly<\/h2><div class='special-heading-border'><div class='special-heading-inner-border' ><\/div><\/div><\/div><br \/>\n<div style=' margin-top:5px; margin-bottom:5px;'  class='hr hr-custom hr-center hr-icon-no   avia-builder-el-5  el_after_av_heading  el_before_av_textblock'><span class='hr-inner   inner-border-av-border-fat' style=' width:50px; border-color:#0aaae4;' ><span class='hr-inner-style'><\/span><\/span><\/div><br \/>\n<section class=\"av_textblock_section\"  itemscope=\"itemscope\" itemtype=\"https:\/\/schema.org\/CreativeWork\" ><div class='avia_textblock'   itemprop=\"text\" ><p>After a very thorough visual inspection, proposing the best possible solutions to the customer and his choice of one of these solutions, we proceed to the installation. We agree a possible date with the customer, prepare the room and carry out an EFFICIENT and CLEAN installation.<\/p>\n<\/div><\/section><\/p><\/div>\n<div class=\"flex_column av_one_half  flex_column_div av-zero-column-padding   avia-builder-el-7  el_after_av_one_half  el_before_av_one_half  column-top-margin\" style='border-radius:0px; '><div class='avia-image-container  av-styling-    avia-builder-el-8  avia-builder-el-no-sibling   avia-align-center'  itemprop=\"image\" itemscope=\"itemscope\" itemtype=\"https:\/\/schema.org\/ImageObject\"  ><div class='avia-image-container-inner'><div class='avia-image-overlay-wrap'><img class='avia_image' src='https:\/\/cordklima.pl\/wp-content\/uploads\/2020\/02\/86291550_180149716667340_6776923905882849280_n-300x200.jpg' alt='' title='86291550_180149716667340_6776923905882849280_n' height=\"200\" width=\"300\"  itemprop=\"thumbnailUrl\"  \/><\/div><\/div><\/div><\/div>\n<div class=\"flex_column av_one_half  flex_column_div av-zero-column-padding first  avia-builder-el-9  el_after_av_one_half  el_before_av_one_half  column-top-margin\" style='border-radius:0px; '><div class='avia-image-container  av-styling-    avia-builder-el-10  avia-builder-el-no-sibling   avia-align-center'  itemprop=\"image\" itemscope=\"itemscope\" itemtype=\"https:\/\/schema.org\/ImageObject\"  ><div class='avia-image-container-inner'><div class='avia-image-overlay-wrap'><img class='avia_image' src='https:\/\/cordklima.pl\/wp-content\/uploads\/2019\/11\/bg-blue-300x200.jpg' alt='' title='Technician is checking air conditioner , measuring equipment for' height=\"200\" width=\"300\"  itemprop=\"thumbnailUrl\"  \/><\/div><\/div><\/div><\/div>\n<div class=\"flex_column av_one_half  flex_column_div av-zero-column-padding   avia-builder-el-11  el_after_av_one_half  el_before_av_one_half  column-top-margin\" style='border-radius:0px; '><p><div style='padding-bottom:0px; font-size:17px;' class='av-special-heading av-special-heading-h2  blockquote modern-quote modern-centered  avia-builder-el-12  el_before_av_hr  avia-builder-el-first   av-inherit-size'><h2 class='av-special-heading-tag'  itemprop=\"headline\"  >Service<\/h2><div class='special-heading-border'><div class='special-heading-inner-border' ><\/div><\/div><\/div><br \/>\n<div style=' margin-top:5px; margin-bottom:5px;'  class='hr hr-custom hr-center hr-icon-no   avia-builder-el-13  el_after_av_heading  el_before_av_textblock'><span class='hr-inner   inner-border-av-border-fat' style=' width:50px; border-color:#0aaae4;' ><span class='hr-inner-style'><\/span><\/span><\/div><br \/>\n<section class=\"av_textblock_section\"  itemscope=\"itemscope\" itemtype=\"https:\/\/schema.org\/CreativeWork\" ><div class='avia_textblock'   itemprop=\"text\" ><p>The most common cause of breakdowns is an unclean air conditioner, so regular servicing of air conditioning units is very important for their proper functioning, protects against breakdowns and, above all, protects users from the illnesses that can result from using a dirty air conditioner.<\/p>\n<\/div><\/section><\/p><\/div>\n<div class=\"flex_column av_one_half  flex_column_div av-zero-column-padding first  avia-builder-el-15  el_after_av_one_half  el_before_av_one_half  column-top-margin\" style='border-radius:0px; '><p><div style='padding-bottom:0px; font-size:17px;' class='av-special-heading av-special-heading-h2  blockquote modern-quote modern-centered  avia-builder-el-16  el_before_av_hr  avia-builder-el-first   av-inherit-size'><h2 class='av-special-heading-tag'  itemprop=\"headline\"  >Advice<\/h2><div class='special-heading-border'><div class='special-heading-inner-border' ><\/div><\/div><\/div><br \/>\n<div style=' margin-top:5px; margin-bottom:5px;'  class='hr hr-custom hr-center hr-icon-no   avia-builder-el-17  el_after_av_heading  el_before_av_textblock'><span class='hr-inner   inner-border-av-border-fat' style=' width:50px; border-color:#0aaae4;' ><span class='hr-inner-style'><\/span><\/span><\/div><br \/>\n<section class=\"av_textblock_section\"  itemscope=\"itemscope\" itemtype=\"https:\/\/schema.org\/CreativeWork\" ><div class='avia_textblock'   itemprop=\"text\" ><p>We recognise that choosing the right appliance for a room is crucial for comfort and has a major impact on our customers' finances.<\/p>\n<p>That is why we spend most of our time at the inspection stage matching the right brands with the right power.<\/p>\n<\/div><\/section><\/p><\/div>\n<div class=\"flex_column av_one_half  flex_column_div av-zero-column-padding   avia-builder-el-19  el_after_av_one_half  el_before_av_one_half  column-top-margin\" style='border-radius:0px; '><div class='avia-image-container  av-styling-    avia-builder-el-20  avia-builder-el-no-sibling   avia-align-center'  itemprop=\"image\" itemscope=\"itemscope\" itemtype=\"https:\/\/schema.org\/ImageObject\"  ><div class='avia-image-container-inner'><div class='avia-image-overlay-wrap'><img class='avia_image' src='https:\/\/cordklima.pl\/wp-content\/uploads\/2019\/11\/bg-slider3-300x200.jpg' alt='klimatyzacja Wroc\u0142aw monta\u017c' title='air-conditioning installation Wroclaw' height=\"200\" width=\"300\"  itemprop=\"thumbnailUrl\"  \/><\/div><\/div><\/div><\/div>\n<div class=\"flex_column av_one_half  flex_column_div av-zero-column-padding first  avia-builder-el-21  el_after_av_one_half  el_before_av_one_half  column-top-margin\" style='border-radius:0px; '><div class='avia-image-container  av-styling-    avia-builder-el-22  avia-builder-el-no-sibling   avia-align-center'  itemprop=\"image\" itemscope=\"itemscope\" itemtype=\"https:\/\/schema.org\/ImageObject\"  ><div class='avia-image-container-inner'><div class='avia-image-overlay-wrap'><img class='avia_image' src='https:\/\/cordklima.pl\/wp-content\/uploads\/2019\/11\/bg-slider2-1-300x126.jpg' alt='klimatyzacja Wroc\u0142aw monta\u017c sprzeda\u017c' title='air conditioning Wroclaw installation sale' height=\"126\" width=\"300\"  itemprop=\"thumbnailUrl\"  \/><\/div><\/div><\/div><\/div>\n<div class=\"flex_column av_one_half  flex_column_div av-zero-column-padding   avia-builder-el-23  el_after_av_one_half  el_before_av_one_fifth  column-top-margin\" style='border-radius:0px; '><p><div style='padding-bottom:0px; font-size:17px;' class='av-special-heading av-special-heading-h2  blockquote modern-quote modern-centered  avia-builder-el-24  el_before_av_hr  avia-builder-el-first   av-inherit-size'><h2 class='av-special-heading-tag'  itemprop=\"headline\"  >Sales<\/h2><div class='special-heading-border'><div class='special-heading-inner-border' ><\/div><\/div><\/div><br \/>\n<div style=' margin-top:5px; margin-bottom:5px;'  class='hr hr-custom hr-center hr-icon-no   avia-builder-el-25  el_after_av_heading  el_before_av_textblock'><span class='hr-inner   inner-border-av-border-fat' style=' width:50px; border-color:#0aaae4;' ><span class='hr-inner-style'><\/span><\/span><\/div><br \/>\n<section class=\"av_textblock_section\"  itemscope=\"itemscope\" itemtype=\"https:\/\/schema.org\/CreativeWork\" ><div class='avia_textblock'   itemprop=\"text\" ><p>We also sell wall-mounted and portable air conditioners as well as air purification units for our homes and offices. Our entire range of products is available for individual customer needs.<\/p>\n<\/div><\/section><\/p><\/div>\n<div class=\"flex_column av_one_fifth  flex_column_div av-zero-column-padding first  avia-builder-el-27  el_after_av_one_half  el_before_av_three_fifth  column-top-margin\" style='border-radius:0px; '><\/div>\n<div class=\"flex_column av_three_fifth  flex_column_div av-zero-column-padding   avia-builder-el-28  el_after_av_one_fifth  el_before_av_one_fifth  column-top-margin\" style='border-radius:0px; '><p><div style='padding-bottom:0px; font-size:17px;' class='av-special-heading av-special-heading-h2  blockquote modern-quote modern-centered  avia-builder-el-29  el_before_av_hr  avia-builder-el-first   av-inherit-size'><h2 class='av-special-heading-tag'  itemprop=\"headline\"  >Decommissioning<\/h2><div class='special-heading-border'><div class='special-heading-inner-border' ><\/div><\/div><\/div><br \/>\n<div style=' margin-top:5px; margin-bottom:5px;'  class='hr hr-custom hr-center hr-icon-no   avia-builder-el-30  el_after_av_heading  el_before_av_textblock'><span class='hr-inner   inner-border-av-border-fat' style=' width:50px; border-color:#0aaae4;' ><span class='hr-inner-style'><\/span><\/span><\/div><br \/>\n<section class=\"av_textblock_section\"  itemscope=\"itemscope\" itemtype=\"https:\/\/schema.org\/CreativeWork\" ><div class='avia_textblock'   itemprop=\"text\" ><p>Because of the range of certifications and knowledge held by its staff, Cord also provides air conditioning decommissioning services.<\/p>\n<\/div><\/section><\/p><\/div>\n<div class=\"flex_column av_one_fifth  flex_column_div av-zero-column-padding   avia-builder-el-32  el_after_av_three_fifth  el_before_av_one_full  column-top-margin\" style='border-radius:0px; '><\/div>\n<div class=\"flex_column av_one_full  flex_column_div av-zero-column-padding first  avia-builder-el-33  el_after_av_one_fifth  avia-builder-el-last  column-top-margin\" style='border-radius:0px; '><p><div style='padding-bottom:0px; ' class='av-special-heading av-special-heading-h2  blockquote modern-quote modern-centered  avia-builder-el-34  el_before_av_partner  avia-builder-el-first'><h2 class='av-special-heading-tag'  itemprop=\"headline\"  >Our partners<\/h2><div class='special-heading-border'><div class='special-heading-inner-border' ><\/div><\/div><\/div><br \/>\n<div  data-autoplay='false'  data-interval='5'  data-animation='slide'  class='avia-logo-element-container av-border-deactivate avia-logo-slider avia-content-slider avia-smallarrow-slider avia-content-slider-active noHover avia-content-slider1 avia-content-slider-odd  avia-builder-el-35  el_after_av_heading  avia-builder-el-last' ><div class='avia-smallarrow-slider-heading  no-logo-slider-navigation  no-logo-slider-heading'><\/div><div class='avia-content-slider-inner'><div class='slide-entry-wrap' ><div  class='slide-entry flex_column no_margin post-entry slide-entry-overview slide-loop-1 slide-parity-odd  av_one_fifth first real-thumbnail'><img width=\"300\" height=\"104\" src=\"https:\/\/cordklima.pl\/wp-content\/uploads\/2019\/11\/haier-300x104.png\" class=\"attachment-medium size-medium\" alt=\"\" loading=\"lazy\" srcset=\"https:\/\/cordklima.pl\/wp-content\/uploads\/2019\/11\/haier-300x104.png 300w, https:\/\/cordklima.pl\/wp-content\/uploads\/2019\/11\/haier.png 382w\" sizes=\"(max-width: 300px) 100vw, 300px\" \/><\/div><div  class='slide-entry flex_column no_margin post-entry slide-entry-overview slide-loop-2 slide-parity-even  av_one_fifth  real-thumbnail'><img width=\"300\" height=\"77\" src=\"https:\/\/cordklima.pl\/wp-content\/uploads\/2021\/01\/fuji-electric_f-300x77.png\" class=\"attachment-medium size-medium\" alt=\"\" loading=\"lazy\" srcset=\"https:\/\/cordklima.pl\/wp-content\/uploads\/2021\/01\/fuji-electric_f-300x77.png 300w, https:\/\/cordklima.pl\/wp-content\/uploads\/2021\/01\/fuji-electric_f-768x196.png 768w, https:\/\/cordklima.pl\/wp-content\/uploads\/2021\/01\/fuji-electric_f-705x180.png 705w, https:\/\/cordklima.pl\/wp-content\/uploads\/2021\/01\/fuji-electric_f-450x115.png 450w, https:\/\/cordklima.pl\/wp-content\/uploads\/2021\/01\/fuji-electric_f.png 980w\" sizes=\"(max-width: 300px) 100vw, 300px\" \/><\/div><div  class='slide-entry flex_column no_margin post-entry slide-entry-overview slide-loop-3 slide-parity-odd  av_one_fifth  real-thumbnail'><img width=\"300\" height=\"83\" src=\"https:\/\/cordklima.pl\/wp-content\/uploads\/2019\/11\/airwell-300x83.png\" class=\"attachment-medium size-medium\" alt=\"\" loading=\"lazy\" srcset=\"https:\/\/cordklima.pl\/wp-content\/uploads\/2019\/11\/airwell-300x83.png 300w, https:\/\/cordklima.pl\/wp-content\/uploads\/2019\/11\/airwell.png 426w\" sizes=\"(max-width: 300px) 100vw, 300px\" \/><\/div><div  class='slide-entry flex_column no_margin post-entry slide-entry-overview slide-loop-4 slide-parity-even  av_one_fifth  real-thumbnail'><img width=\"300\" height=\"83\" src=\"https:\/\/cordklima.pl\/wp-content\/uploads\/2021\/01\/logo_retina-300x83.png\" class=\"attachment-medium size-medium\" alt=\"\" loading=\"lazy\" srcset=\"https:\/\/cordklima.pl\/wp-content\/uploads\/2021\/01\/logo_retina-300x83.png 300w, https:\/\/cordklima.pl\/wp-content\/uploads\/2021\/01\/logo_retina.png 432w\" sizes=\"(max-width: 300px) 100vw, 300px\" \/><\/div><div  class='slide-entry flex_column no_margin post-entry slide-entry-overview slide-loop-5 slide-parity-odd  post-entry-last  av_one_fifth  real-thumbnail'><img width=\"300\" height=\"50\" src=\"https:\/\/cordklima.pl\/wp-content\/uploads\/2021\/01\/Hitachi-Logo.jpg\" class=\"attachment-medium size-medium\" alt=\"\" loading=\"lazy\" \/><\/div><\/div><\/div><\/div><\/p><\/div>","protected":false},"excerpt":{"rendered":"","protected":false},"author":2,"featured_media":0,"parent":0,"menu_order":0,"comment_status":"closed","ping_status":"closed","template":"","meta":{"_monsterinsights_skip_tracking":false,"_monsterinsights_sitenote_active":false,"_monsterinsights_sitenote_note":"","_monsterinsights_sitenote_category":0},"yoast_head":"<!-- This site is optimized with the Yoast SEO plugin v17.7.1 - https:\/\/yoast.com\/wordpress\/plugins\/seo\/ -->\n<title>Oferta -<\/title>\n<meta name=\"robots\" content=\"index, follow, max-snippet:-1, max-image-preview:large, max-video-preview:-1\" \/>\n<link rel=\"canonical\" href=\"https:\/\/cordklima.pl\/en\/oferta\/\" \/>\n<meta property=\"og:locale\" content=\"en_GB\" \/>\n<meta property=\"og:type\" content=\"article\" \/>\n<meta property=\"og:title\" content=\"Oferta -\" \/>\n<meta property=\"og:url\" content=\"https:\/\/cordklima.pl\/en\/oferta\/\" \/>\n<meta property=\"article:publisher\" content=\"https:\/\/www.facebook.com\/CORDklima\/\" \/>\n<meta property=\"article:modified_time\" content=\"2021-03-04T16:10:28+00:00\" \/>\n<meta name=\"twitter:card\" content=\"summary_large_image\" \/>\n<meta name=\"twitter:label1\" content=\"Estimated reading time\" \/>\n\t<meta name=\"twitter:data1\" content=\"15 minutes\" \/>\n<!-- \/ Yoast SEO plugin. -->","yoast_head_json":{"title":"Oferta -","robots":{"index":"index","follow":"follow","max-snippet":"max-snippet:-1","max-image-preview":"max-image-preview:large","max-video-preview":"max-video-preview:-1"},"canonical":"https:\/\/cordklima.pl\/en\/oferta\/","og_locale":"en_GB","og_type":"article","og_title":"Oferta -","og_url":"https:\/\/cordklima.pl\/en\/oferta\/","article_publisher":"https:\/\/www.facebook.com\/CORDklima\/","article_modified_time":"2021-03-04T16:10:28+00:00","twitter_card":"summary_large_image","twitter_misc":{"Estimated reading time":"15 minutes"},"schema":{"@context":"https:\/\/schema.org","@graph":[{"@type":"WebSite","@id":"https:\/\/cordklima.pl\/#website","url":"https:\/\/cordklima.pl\/","name":"","description":"","potentialAction":[{"@type":"SearchAction","target":{"@type":"EntryPoint","urlTemplate":"https:\/\/cordklima.pl\/?s={search_term_string}"},"query-input":"required name=search_term_string"}],"inLanguage":"en-GB"},{"@type":"WebPage","@id":"https:\/\/cordklima.pl\/oferta\/#webpage","url":"https:\/\/cordklima.pl\/oferta\/","name":"Oferta -","isPartOf":{"@id":"https:\/\/cordklima.pl\/#website"},"datePublished":"2015-10-15T15:32:49+00:00","dateModified":"2021-03-04T16:10:28+00:00","breadcrumb":{"@id":"https:\/\/cordklima.pl\/oferta\/#breadcrumb"},"inLanguage":"en-GB","potentialAction":[{"@type":"ReadAction","target":["https:\/\/cordklima.pl\/oferta\/"]}]},{"@type":"BreadcrumbList","@id":"https:\/\/cordklima.pl\/oferta\/#breadcrumb","itemListElement":[{"@type":"ListItem","position":1,"name":"Strona g\u0142\u00f3wna","item":"https:\/\/cordklima.pl\/home\/"},{"@type":"ListItem","position":2,"name":"Oferta"}]}]}},"_links":{"self":[{"href":"https:\/\/cordklima.pl\/en\/wp-json\/wp\/v2\/pages\/25"}],"collection":[{"href":"https:\/\/cordklima.pl\/en\/wp-json\/wp\/v2\/pages"}],"about":[{"href":"https:\/\/cordklima.pl\/en\/wp-json\/wp\/v2\/types\/page"}],"author":[{"embeddable":true,"href":"https:\/\/cordklima.pl\/en\/wp-json\/wp\/v2\/users\/2"}],"replies":[{"embeddable":true,"href":"https:\/\/cordklima.pl\/en\/wp-json\/wp\/v2\/comments?post=25"}],"version-history":[{"count":18,"href":"https:\/\/cordklima.pl\/en\/wp-json\/wp\/v2\/pages\/25\/revisions"}],"predecessor-version":[{"id":803,"href":"https:\/\/cordklima.pl\/en\/wp-json\/wp\/v2\/pages\/25\/revisions\/803"}],"wp:attachment":[{"href":"https:\/\/cordklima.pl\/en\/wp-json\/wp\/v2\/media?parent=25"}],"curies":[{"name":"wp","href":"https:\/\/api.w.org\/{rel}","templated":true}]}}