{"id":572,"date":"2021-12-07T09:08:49","date_gmt":"2021-12-07T09:08:49","guid":{"rendered":"https:\/\/cordklima.pl\/?page_id=572"},"modified":"2021-12-27T10:54:54","modified_gmt":"2021-12-27T10:54:54","slug":"serwis-klimatyzacji","status":"publish","type":"page","link":"https:\/\/cordklima.pl\/en\/serwis-klimatyzacji\/","title":{"rendered":"Service"},"content":{"rendered":"<div style='padding-bottom:0px; ' class='av-special-heading av-special-heading-h1  blockquote modern-quote modern-centered  avia-builder-el-0  el_before_av_hr  avia-builder-el-first'><h1 class='av-special-heading-tag'  itemprop=\"headline\"  >Air conditioning service Wroc\u0142aw<\/h1><div class='special-heading-border'><div class='special-heading-inner-border' ><\/div><\/div><\/div>\n<div style=' margin-top:5px; margin-bottom:35px;'  class='hr hr-custom hr-center hr-icon-no   avia-builder-el-1  el_after_av_heading  el_before_av_one_third'><span class='hr-inner   inner-border-av-border-fat' style=' width:50px; border-color:#0aaae4;' ><span class='hr-inner-style'><\/span><\/span><\/div>\n<div class=\"flex_column av_one_third  flex_column_div av-zero-column-padding first  avia-builder-el-2  el_after_av_hr  el_before_av_two_third\" style='border-radius:0px; '><div class='avia-image-container  av-styling-    avia-builder-el-3  avia-builder-el-no-sibling   avia-align-center'  itemprop=\"image\" itemscope=\"itemscope\" itemtype=\"https:\/\/schema.org\/ImageObject\"  ><div class='avia-image-container-inner'><div class='avia-image-overlay-wrap'><img class='avia_image' src='https:\/\/cordklima.pl\/wp-content\/uploads\/2021\/12\/naprawa-klimatyzacji-Wroclaw-300x200.jpg' alt='serwis klimatyzacji Wroc\u0142aw' title='air conditioning service Wroclaw' height=\"200\" width=\"300\"  itemprop=\"thumbnailUrl\"  \/><\/div><\/div><\/div><\/div>\n<div class=\"flex_column av_two_third  flex_column_div av-zero-column-padding   avia-builder-el-4  el_after_av_one_third  el_before_av_hr\" style='border-radius:0px; '><section class=\"av_textblock_section\"  itemscope=\"itemscope\" itemtype=\"https:\/\/schema.org\/CreativeWork\" ><div class='avia_textblock'   itemprop=\"text\" ><p>Regular dezinfection of your Air Conditionig device is very important because of 2 points:\n\n- You are taking care of your family\/house mates by not letting them breath air full of dust and humidity,\n\n- You are extending vitality and keeping guarantee of your device<\/p>\n<p>Air conditioning repair Wroc\u0142aw is one of our daily duties. Our customers in Wroclaw and the surrounding area are under constant care of our service technicians.<\/p>\n<p>Signs of poor air conditioning maintenance can include poor air quality, dirty grilles and surrounding ceiling tiles, unpleasant odours due to mould build-up and poor heating\/cooling performance. Improving the efficiency of your air conditioning can therefore lead to significantly lower energy bills.<\/p>\n<p>Other benefits include increased staff comfort and productivity, and general environmental impact reduction benefits such as a better corporate image among customers, investors and employees.<\/p>\n<p>Typical problems such as blocked air filters, dirty indoor\/outdoor coils can account for a high percentage of service calls to customers without service contracts. This can lead to costly repairs and, in some cases, manufacturers will not uphold a warranty claim if the system has no maintenance record. It is more cost-effective to maintain than replace.<\/p>\n<\/div><\/section><\/div><div  class='hr hr-default   avia-builder-el-6  el_after_av_two_third  el_before_av_one_full'><span class='hr-inner' ><span class='hr-inner-style'><\/span><\/span><\/div><\/p>\n<div class=\"flex_column av_one_full  flex_column_div av-zero-column-padding first  avia-builder-el-7  el_after_av_hr  el_before_av_hr\" style='border-radius:0px; '><div class='avia-button-wrap avia-button-center  avia-builder-el-8  avia-builder-el-no-sibling'><a href='tel:732335011'  class='avia-button   avia-icon_select-yes-left-icon avia-color-theme-color avia-size-x-large avia-position-center'   ><span class='avia_button_icon avia_button_icon_left' aria-hidden='true' data-av_icon='\ue854' data-av_iconfont='entypo-fontello'><\/span><span class='avia_iconbox_title' >732 335 011<\/span><\/a><\/div><\/div>\n<div  class='hr hr-default   avia-builder-el-9  el_after_av_one_full  el_before_av_two_third'><span class='hr-inner' ><span class='hr-inner-style'><\/span><\/span><\/div>\n<div class=\"flex_column av_two_third  flex_column_div av-zero-column-padding first  avia-builder-el-10  el_after_av_hr  el_before_av_one_third\" style='border-radius:0px; '><section class=\"av_textblock_section\"  itemscope=\"itemscope\" itemtype=\"https:\/\/schema.org\/CreativeWork\" ><div class='avia_textblock'   itemprop=\"text\" ><p>From one-off annual visits to regular monthly visits, we can service\/maintain all types of air conditioning equipment in all types of environments, from residential to industrial. Our engineers are fully qualified to industry standards and our flexibility allows us to work within office hours. Under EU gas regulations, it is legally required that your air conditioning is regularly checked by qualified engineers.<\/p>\n<blockquote>\n<p><strong>We can provide our customers with 24-hour service protection 365 days a year with an optional 24-hour emergency call.<\/strong><\/p>\n<\/blockquote>\n<p>This applies to applications such as catering and server\/communication rooms, where temperature is critical and downtime must be kept to a minimum.<\/p>\n<\/div><\/section><\/div><div class=\"flex_column av_one_third  flex_column_div av-zero-column-padding   avia-builder-el-12  el_after_av_two_third  avia-builder-el-last\" style='border-radius:0px; '><div class='avia-image-container  av-styling-    avia-builder-el-13  avia-builder-el-no-sibling   avia-align-center'  itemprop=\"image\" itemscope=\"itemscope\" itemtype=\"https:\/\/schema.org\/ImageObject\"  ><div class='avia-image-container-inner'><div class='avia-image-overlay-wrap'><img class='avia_image' src='https:\/\/cordklima.pl\/wp-content\/uploads\/2021\/12\/serwis-klimatyzaji-wroclaw-300x200.jpg' alt='naprawa klimatyzacji Wroc\u0142aw' title='air conditioning repair Wroclaw' height=\"200\" width=\"300\"  itemprop=\"thumbnailUrl\"  \/><\/div><\/div><\/div><\/div><\/p>","protected":false},"excerpt":{"rendered":"","protected":false},"author":1,"featured_media":0,"parent":0,"menu_order":0,"comment_status":"closed","ping_status":"closed","template":"","meta":{"_monsterinsights_skip_tracking":false,"_monsterinsights_sitenote_active":false,"_monsterinsights_sitenote_note":"","_monsterinsights_sitenote_category":0},"yoast_head":"<!-- This site is optimized with the Yoast SEO plugin v17.7.1 - https:\/\/yoast.com\/wordpress\/plugins\/seo\/ -->\n<title>Serwis i Naprawa Klimatyzacji Wroc\u0142aw Cord Klimatyzacje<\/title>\n<meta name=\"description\" content=\"Serwis i naprawa klimatyzacji i klimatyzator\u00f3w Wroc\u0142aw. Naprawiamy wszystkie urz\u0105dzenia i systemy klimatyzacji. Zapraszamy do kontaktu!\" \/>\n<meta name=\"robots\" content=\"index, follow, max-snippet:-1, max-image-preview:large, max-video-preview:-1\" \/>\n<link rel=\"canonical\" href=\"https:\/\/cordklima.pl\/en\/serwis-klimatyzacji\/\" \/>\n<meta property=\"og:locale\" content=\"en_GB\" \/>\n<meta property=\"og:type\" content=\"article\" \/>\n<meta property=\"og:title\" content=\"Serwis i Naprawa Klimatyzacji Wroc\u0142aw Cord Klimatyzacje\" \/>\n<meta property=\"og:description\" content=\"Serwis i naprawa klimatyzacji i klimatyzator\u00f3w Wroc\u0142aw. Naprawiamy wszystkie urz\u0105dzenia i systemy klimatyzacji. Zapraszamy do kontaktu!\" \/>\n<meta property=\"og:url\" content=\"https:\/\/cordklima.pl\/en\/serwis-klimatyzacji\/\" \/>\n<meta property=\"article:publisher\" content=\"https:\/\/www.facebook.com\/CORDklima\/\" \/>\n<meta property=\"article:modified_time\" content=\"2021-12-27T10:54:54+00:00\" \/>\n<meta name=\"twitter:card\" content=\"summary_large_image\" \/>\n<meta name=\"twitter:label1\" content=\"Estimated reading time\" \/>\n\t<meta name=\"twitter:data1\" content=\"7 minutes\" \/>\n<!-- \/ Yoast SEO plugin. -->","yoast_head_json":{"title":"Serwis i Naprawa Klimatyzacji Wroc\u0142aw Cord Klimatyzacje","description":"Serwis i naprawa klimatyzacji i klimatyzator\u00f3w Wroc\u0142aw. Naprawiamy wszystkie urz\u0105dzenia i systemy klimatyzacji. Zapraszamy do kontaktu!","robots":{"index":"index","follow":"follow","max-snippet":"max-snippet:-1","max-image-preview":"max-image-preview:large","max-video-preview":"max-video-preview:-1"},"canonical":"https:\/\/cordklima.pl\/en\/serwis-klimatyzacji\/","og_locale":"en_GB","og_type":"article","og_title":"Serwis i Naprawa Klimatyzacji Wroc\u0142aw Cord Klimatyzacje","og_description":"Serwis i naprawa klimatyzacji i klimatyzator\u00f3w Wroc\u0142aw. Naprawiamy wszystkie urz\u0105dzenia i systemy klimatyzacji. Zapraszamy do kontaktu!","og_url":"https:\/\/cordklima.pl\/en\/serwis-klimatyzacji\/","article_publisher":"https:\/\/www.facebook.com\/CORDklima\/","article_modified_time":"2021-12-27T10:54:54+00:00","twitter_card":"summary_large_image","twitter_misc":{"Estimated reading time":"7 minutes"},"schema":{"@context":"https:\/\/schema.org","@graph":[{"@type":"WebSite","@id":"https:\/\/cordklima.pl\/#website","url":"https:\/\/cordklima.pl\/","name":"","description":"","potentialAction":[{"@type":"SearchAction","target":{"@type":"EntryPoint","urlTemplate":"https:\/\/cordklima.pl\/?s={search_term_string}"},"query-input":"required name=search_term_string"}],"inLanguage":"en-GB"},{"@type":"WebPage","@id":"https:\/\/cordklima.pl\/serwis-klimatyzacji\/#webpage","url":"https:\/\/cordklima.pl\/serwis-klimatyzacji\/","name":"Serwis i Naprawa Klimatyzacji Wroc\u0142aw Cord Klimatyzacje","isPartOf":{"@id":"https:\/\/cordklima.pl\/#website"},"datePublished":"2021-12-07T09:08:49+00:00","dateModified":"2021-12-27T10:54:54+00:00","description":"Serwis i naprawa klimatyzacji i klimatyzator\u00f3w Wroc\u0142aw. Naprawiamy wszystkie urz\u0105dzenia i systemy klimatyzacji. Zapraszamy do kontaktu!","breadcrumb":{"@id":"https:\/\/cordklima.pl\/serwis-klimatyzacji\/#breadcrumb"},"inLanguage":"en-GB","potentialAction":[{"@type":"ReadAction","target":["https:\/\/cordklima.pl\/serwis-klimatyzacji\/"]}]},{"@type":"BreadcrumbList","@id":"https:\/\/cordklima.pl\/serwis-klimatyzacji\/#breadcrumb","itemListElement":[{"@type":"ListItem","position":1,"name":"Strona g\u0142\u00f3wna","item":"https:\/\/cordklima.pl\/home\/"},{"@type":"ListItem","position":2,"name":"Serwis Klimatyzacji"}]}]}},"_links":{"self":[{"href":"https:\/\/cordklima.pl\/en\/wp-json\/wp\/v2\/pages\/572"}],"collection":[{"href":"https:\/\/cordklima.pl\/en\/wp-json\/wp\/v2\/pages"}],"about":[{"href":"https:\/\/cordklima.pl\/en\/wp-json\/wp\/v2\/types\/page"}],"author":[{"embeddable":true,"href":"https:\/\/cordklima.pl\/en\/wp-json\/wp\/v2\/users\/1"}],"replies":[{"embeddable":true,"href":"https:\/\/cordklima.pl\/en\/wp-json\/wp\/v2\/comments?post=572"}],"version-history":[{"count":7,"href":"https:\/\/cordklima.pl\/en\/wp-json\/wp\/v2\/pages\/572\/revisions"}],"predecessor-version":[{"id":705,"href":"https:\/\/cordklima.pl\/en\/wp-json\/wp\/v2\/pages\/572\/revisions\/705"}],"wp:attachment":[{"href":"https:\/\/cordklima.pl\/en\/wp-json\/wp\/v2\/media?parent=572"}],"curies":[{"name":"wp","href":"https:\/\/api.w.org\/{rel}","templated":true}]}}