{"id":578,"date":"2021-12-07T09:10:53","date_gmt":"2021-12-07T09:10:53","guid":{"rendered":"https:\/\/cordklima.pl\/?page_id=578"},"modified":"2021-12-27T11:20:02","modified_gmt":"2021-12-27T11:20:02","slug":"likwidacja-klimatyzacji","status":"publish","type":"page","link":"https:\/\/cordklima.pl\/en\/likwidacja-klimatyzacji\/","title":{"rendered":"Utilization"},"content":{"rendered":"<div style='padding-bottom:0px; ' class='av-special-heading av-special-heading-h1  blockquote modern-quote modern-centered  avia-builder-el-0  el_before_av_hr  avia-builder-el-first'><h1 class='av-special-heading-tag'  itemprop=\"headline\"  >Air conditioning decommissioning Wroc\u0142aw<\/h1><div class='special-heading-border'><div class='special-heading-inner-border' ><\/div><\/div><\/div>\n<div style=' margin-top:5px; margin-bottom:35px;'  class='hr hr-custom hr-center hr-icon-no   avia-builder-el-1  el_after_av_heading  el_before_av_one_third'><span class='hr-inner   inner-border-av-border-fat' style=' width:50px; border-color:#0aaae4;' ><span class='hr-inner-style'><\/span><\/span><\/div>\n<div class=\"flex_column av_one_third  flex_column_div av-zero-column-padding first  avia-builder-el-2  el_after_av_hr  el_before_av_two_third\" style='border-radius:0px; '><div class='avia-image-container  av-styling-    avia-builder-el-3  avia-builder-el-no-sibling   avia-align-center'  itemprop=\"image\" itemscope=\"itemscope\" itemtype=\"https:\/\/schema.org\/ImageObject\"  ><div class='avia-image-container-inner'><div class='avia-image-overlay-wrap'><img class='avia_image' src='https:\/\/cordklima.pl\/wp-content\/uploads\/2021\/12\/likwidowanie-kliamtyzacji-wroclaw-300x200.jpg' alt='likwidacja klimatyzacji Wroc\u0142aw' title='air conditioning removal Wroc\u0142aw' height=\"200\" width=\"300\"  itemprop=\"thumbnailUrl\"  \/><\/div><\/div><\/div><\/div>\n<div class=\"flex_column av_two_third  flex_column_div av-zero-column-padding   avia-builder-el-4  el_after_av_one_third  el_before_av_hr\" style='border-radius:0px; '><section class=\"av_textblock_section\"  itemscope=\"itemscope\" itemtype=\"https:\/\/schema.org\/CreativeWork\" ><div class='avia_textblock'   itemprop=\"text\" ><p>If you have old device which you would like to exchange we can make it complexity.\nWe can utilize your old device and install new one.<\/p>\n<p>We will also repair air conditioners, even if we have not installed them. In 2019. 88% of our calls resulted in the successful repair of faulty units on our first visit. For every repair we undertake.<\/p>\n<p>Many of Wroc\u0142aw's businesses have relied on Cord Klimatyzacje for many years. They know that we are able to repair a faulty air conditioning system quickly, smoothly and at competitive prices, preventing what can often prove to be costly downtime.<\/p>\n<\/div><\/section><\/div>\n<div  class='hr hr-default   avia-builder-el-6  el_after_av_two_third  el_before_av_one_full'><span class='hr-inner' ><span class='hr-inner-style'><\/span><\/span><\/div>\n<div class=\"flex_column av_one_full  flex_column_div av-zero-column-padding first  avia-builder-el-7  el_after_av_hr  el_before_av_hr\" style='border-radius:0px; '><div class='avia-button-wrap avia-button-center  avia-builder-el-8  avia-builder-el-no-sibling'><a href='tel:732335011'  class='avia-button   avia-icon_select-yes-left-icon avia-color-theme-color avia-size-x-large avia-position-center'   ><span class='avia_button_icon avia_button_icon_left' aria-hidden='true' data-av_icon='\ue854' data-av_iconfont='entypo-fontello'><\/span><span class='avia_iconbox_title' >732 335 011<\/span><\/a><\/div><\/div>\n<div  class='hr hr-default   avia-builder-el-9  el_after_av_one_full  el_before_av_two_third'><span class='hr-inner' ><span class='hr-inner-style'><\/span><\/span><\/div>\n<div class=\"flex_column av_two_third  flex_column_div av-zero-column-padding first  avia-builder-el-10  el_after_av_hr  el_before_av_one_third\" style='border-radius:0px; '><section class=\"av_textblock_section\"  itemscope=\"itemscope\" itemtype=\"https:\/\/schema.org\/CreativeWork\" ><div class='avia_textblock'   itemprop=\"text\" ><p>Air-conditioning decommissioning in Wroc\u0142aw, often goes hand in hand with the service of providing a completely new system or moving the system to a new location in a new home or office.<\/p>\n<p>We repair all makes and models of air conditioners in Wroclaw, from small residential to large industrial. There's nothing we don't know about air conditioning systems. All of our engineers have over 10 years of experience and we usually repair or diagnose equipment on site, unless parts are required, in which case we will quote accordingly and fit at a later date. So for all your air conditioning repairs, call the experts you trust.<\/p>\n<\/div><\/section><\/div><div class=\"flex_column av_one_third  flex_column_div av-zero-column-padding   avia-builder-el-12  el_after_av_two_third  avia-builder-el-last\" style='border-radius:0px; '><div class='avia-image-container  av-styling-    avia-builder-el-13  avia-builder-el-no-sibling   avia-align-center'  itemprop=\"image\" itemscope=\"itemscope\" itemtype=\"https:\/\/schema.org\/ImageObject\"  ><div class='avia-image-container-inner'><div class='avia-image-overlay-wrap'><img class='avia_image' src='https:\/\/cordklima.pl\/wp-content\/uploads\/2021\/12\/likwidacja-klimatyzacji-wroclaw-300x200.jpg' alt='likwidowanie klimatyzacji Wroc\u0142aw' title='removal of air conditioning Wroc\u0142aw' height=\"200\" width=\"300\"  itemprop=\"thumbnailUrl\"  \/><\/div><\/div><\/div><\/div><\/p>","protected":false},"excerpt":{"rendered":"","protected":false},"author":1,"featured_media":0,"parent":0,"menu_order":0,"comment_status":"closed","ping_status":"closed","template":"","meta":{"_monsterinsights_skip_tracking":false,"_monsterinsights_sitenote_active":false,"_monsterinsights_sitenote_note":"","_monsterinsights_sitenote_category":0},"yoast_head":"<!-- This site is optimized with the Yoast SEO plugin v17.7.1 - https:\/\/yoast.com\/wordpress\/plugins\/seo\/ -->\n<title>Likwidacja Klimatyzacji i Usuwanie Cord Klimatyzacje<\/title>\n<meta name=\"description\" content=\"Likwidacja i usuwanie starej klimatyzacji to jedna z us\u0142ug naszej firmy. Przyjedziemy i zdemontujemy bezpiecznie star\u0105 klimatyzacj\u0119.\" \/>\n<meta name=\"robots\" content=\"index, follow, max-snippet:-1, max-image-preview:large, max-video-preview:-1\" \/>\n<link rel=\"canonical\" href=\"https:\/\/cordklima.pl\/en\/likwidacja-klimatyzacji\/\" \/>\n<meta property=\"og:locale\" content=\"en_GB\" \/>\n<meta property=\"og:type\" content=\"article\" \/>\n<meta property=\"og:title\" content=\"Likwidacja Klimatyzacji i Usuwanie Cord Klimatyzacje\" \/>\n<meta property=\"og:description\" content=\"Likwidacja i usuwanie starej klimatyzacji to jedna z us\u0142ug naszej firmy. Przyjedziemy i zdemontujemy bezpiecznie star\u0105 klimatyzacj\u0119.\" \/>\n<meta property=\"og:url\" content=\"https:\/\/cordklima.pl\/en\/likwidacja-klimatyzacji\/\" \/>\n<meta property=\"article:publisher\" content=\"https:\/\/www.facebook.com\/CORDklima\/\" \/>\n<meta property=\"article:modified_time\" content=\"2021-12-27T11:20:02+00:00\" \/>\n<meta name=\"twitter:card\" content=\"summary_large_image\" \/>\n<meta name=\"twitter:label1\" content=\"Estimated reading time\" \/>\n\t<meta name=\"twitter:data1\" content=\"6 minutes\" \/>\n<!-- \/ Yoast SEO plugin. -->","yoast_head_json":{"title":"Likwidacja Klimatyzacji i Usuwanie Cord Klimatyzacje","description":"Likwidacja i usuwanie starej klimatyzacji to jedna z us\u0142ug naszej firmy. Przyjedziemy i zdemontujemy bezpiecznie star\u0105 klimatyzacj\u0119.","robots":{"index":"index","follow":"follow","max-snippet":"max-snippet:-1","max-image-preview":"max-image-preview:large","max-video-preview":"max-video-preview:-1"},"canonical":"https:\/\/cordklima.pl\/en\/likwidacja-klimatyzacji\/","og_locale":"en_GB","og_type":"article","og_title":"Likwidacja Klimatyzacji i Usuwanie Cord Klimatyzacje","og_description":"Likwidacja i usuwanie starej klimatyzacji to jedna z us\u0142ug naszej firmy. Przyjedziemy i zdemontujemy bezpiecznie star\u0105 klimatyzacj\u0119.","og_url":"https:\/\/cordklima.pl\/en\/likwidacja-klimatyzacji\/","article_publisher":"https:\/\/www.facebook.com\/CORDklima\/","article_modified_time":"2021-12-27T11:20:02+00:00","twitter_card":"summary_large_image","twitter_misc":{"Estimated reading time":"6 minutes"},"schema":{"@context":"https:\/\/schema.org","@graph":[{"@type":"WebSite","@id":"https:\/\/cordklima.pl\/#website","url":"https:\/\/cordklima.pl\/","name":"","description":"","potentialAction":[{"@type":"SearchAction","target":{"@type":"EntryPoint","urlTemplate":"https:\/\/cordklima.pl\/?s={search_term_string}"},"query-input":"required name=search_term_string"}],"inLanguage":"en-GB"},{"@type":"WebPage","@id":"https:\/\/cordklima.pl\/likwidacja-klimatyzacji\/#webpage","url":"https:\/\/cordklima.pl\/likwidacja-klimatyzacji\/","name":"Likwidacja Klimatyzacji i Usuwanie Cord Klimatyzacje","isPartOf":{"@id":"https:\/\/cordklima.pl\/#website"},"datePublished":"2021-12-07T09:10:53+00:00","dateModified":"2021-12-27T11:20:02+00:00","description":"Likwidacja i usuwanie starej klimatyzacji to jedna z us\u0142ug naszej firmy. Przyjedziemy i zdemontujemy bezpiecznie star\u0105 klimatyzacj\u0119.","breadcrumb":{"@id":"https:\/\/cordklima.pl\/likwidacja-klimatyzacji\/#breadcrumb"},"inLanguage":"en-GB","potentialAction":[{"@type":"ReadAction","target":["https:\/\/cordklima.pl\/likwidacja-klimatyzacji\/"]}]},{"@type":"BreadcrumbList","@id":"https:\/\/cordklima.pl\/likwidacja-klimatyzacji\/#breadcrumb","itemListElement":[{"@type":"ListItem","position":1,"name":"Strona g\u0142\u00f3wna","item":"https:\/\/cordklima.pl\/home\/"},{"@type":"ListItem","position":2,"name":"Likwidacja Klimatyzacji"}]}]}},"_links":{"self":[{"href":"https:\/\/cordklima.pl\/en\/wp-json\/wp\/v2\/pages\/578"}],"collection":[{"href":"https:\/\/cordklima.pl\/en\/wp-json\/wp\/v2\/pages"}],"about":[{"href":"https:\/\/cordklima.pl\/en\/wp-json\/wp\/v2\/types\/page"}],"author":[{"embeddable":true,"href":"https:\/\/cordklima.pl\/en\/wp-json\/wp\/v2\/users\/1"}],"replies":[{"embeddable":true,"href":"https:\/\/cordklima.pl\/en\/wp-json\/wp\/v2\/comments?post=578"}],"version-history":[{"count":7,"href":"https:\/\/cordklima.pl\/en\/wp-json\/wp\/v2\/pages\/578\/revisions"}],"predecessor-version":[{"id":646,"href":"https:\/\/cordklima.pl\/en\/wp-json\/wp\/v2\/pages\/578\/revisions\/646"}],"wp:attachment":[{"href":"https:\/\/cordklima.pl\/en\/wp-json\/wp\/v2\/media?parent=578"}],"curies":[{"name":"wp","href":"https:\/\/api.w.org\/{rel}","templated":true}]}}