{"id":733,"date":"2022-05-18T19:58:13","date_gmt":"2022-05-18T19:58:13","guid":{"rendered":"https:\/\/cordklima.pl\/?page_id=733"},"modified":"2022-05-18T19:58:13","modified_gmt":"2022-05-18T19:58:13","slug":"klimatyzacja-sroda-slaska","status":"publish","type":"page","link":"https:\/\/cordklima.pl\/en\/klimatyzacja-sroda-slaska\/","title":{"rendered":"Air conditioning \u015aroda \u015al\u0105ska"},"content":{"rendered":"<div style='padding-bottom:0px; ' class='av-special-heading av-special-heading-h1  blockquote modern-quote modern-centered  avia-builder-el-0  el_before_av_hr  avia-builder-el-first'><h1 class='av-special-heading-tag'  itemprop=\"headline\"  >Air conditioning \u015aroda \u015al\u0105ska<\/h1><div class='special-heading-border'><div class='special-heading-inner-border' ><\/div><\/div><\/div>\n<div style=' margin-top:5px; margin-bottom:35px;'  class='hr hr-custom hr-center hr-icon-no   avia-builder-el-1  el_after_av_heading  el_before_av_one_third'><span class='hr-inner   inner-border-av-border-fat' style=' width:50px; border-color:#0aaae4;' ><span class='hr-inner-style'><\/span><\/span><\/div>\n<div class=\"flex_column av_one_third  flex_column_div av-zero-column-padding first  avia-builder-el-2  el_after_av_hr  el_before_av_two_third\" style='border-radius:0px; '><div class='avia-image-container  av-styling-    avia-builder-el-3  avia-builder-el-no-sibling   avia-align-center'  itemprop=\"image\" itemscope=\"itemscope\" itemtype=\"https:\/\/schema.org\/ImageObject\"  ><div class='avia-image-container-inner'><div class='avia-image-overlay-wrap'><img class='avia_image' src='https:\/\/cordklima.pl\/wp-content\/uploads\/2021\/12\/naprawa-klimatyzacji-Wroclaw-300x200.jpg' alt='serwis klimatyzacji Wroc\u0142aw' title='air conditioning service Wroclaw' height=\"200\" width=\"300\"  itemprop=\"thumbnailUrl\"  \/><\/div><\/div><\/div><\/div>\n<div class=\"flex_column av_two_third  flex_column_div av-zero-column-padding   avia-builder-el-4  el_after_av_one_third  el_before_av_hr\" style='border-radius:0px; '><section class=\"av_textblock_section\"  itemscope=\"itemscope\" itemtype=\"https:\/\/schema.org\/CreativeWork\" ><div class='avia_textblock'   itemprop=\"text\" ><p>On hot summer days, it's hard to imagine life without air conditioning. If you are looking for a reliable company to install air conditioning in your home or office, look no further than Air Conditioning \u015aroda \u015al\u0105ska! We offer a high quality service and our team of experts will be happy to advise you on the best air conditioning solution for your needs. We also offer air conditioning service and repair - you can always count on us to keep your home or office cool and comfortable. Contact us today and let us show you why we are the leading air conditioning company in Sroda Slaska!<\/p>\n<p>We are a team of experts dedicated to providing our customers with the best possible air conditioning service. Not only do we install air conditioners, but we also provide maintenance and repair services so you can keep your air conditioner in the best condition possible. Whether you need a new air conditioner installed or an existing one repaired, we are the team to call. We pride ourselves on our quality workmanship and customer service, so you can be sure you'll be happy with the results. Contact us today to schedule a consultation!<\/p>\n<p>We are highly experienced and qualified in this field, so we can provide you with the best possible service. We also offer air conditioner repair and maintenance services, so you can always count on us to keep your air conditioner running smoothly. Contact us today to learn more about our services or to schedule a consultation. We look forward to hearing from you!<\/p>\n<\/div><\/section><\/div><div  class='hr hr-default   avia-builder-el-6  el_after_av_two_third  el_before_av_one_full'><span class='hr-inner' ><span class='hr-inner-style'><\/span><\/span><\/div><\/p>\n<div class=\"flex_column av_one_full  flex_column_div av-zero-column-padding first  avia-builder-el-7  el_after_av_hr  el_before_av_hr\" style='border-radius:0px; '><div class='avia-button-wrap avia-button-center  avia-builder-el-8  avia-builder-el-no-sibling'><a href='tel:732335011'  class='avia-button   avia-icon_select-yes-left-icon avia-color-theme-color avia-size-x-large avia-position-center'   ><span class='avia_button_icon avia_button_icon_left' aria-hidden='true' data-av_icon='\ue854' data-av_iconfont='entypo-fontello'><\/span><span class='avia_iconbox_title' >732 335 011<\/span><\/a><\/div><\/div>\n<div  class='hr hr-default   avia-builder-el-9  el_after_av_one_full  el_before_av_heading'><span class='hr-inner' ><span class='hr-inner-style'><\/span><\/span><\/div>\n<div style='padding-bottom:10px; ' class='av-special-heading av-special-heading-h2  blockquote modern-quote modern-centered  avia-builder-el-10  el_after_av_hr  el_before_av_one_full'><h2 class='av-special-heading-tag'  itemprop=\"headline\"  >Installation and service of air conditioning \u015aroda \u015al\u0105ska<\/h2><div class='special-heading-border'><div class='special-heading-inner-border' ><\/div><\/div><\/div>\n<div class=\"flex_column av_one_full  flex_column_div av-zero-column-padding first  avia-builder-el-11  el_after_av_heading  avia-builder-el-last\" style='border-radius:0px; '><section class=\"av_textblock_section\"  itemscope=\"itemscope\" itemtype=\"https:\/\/schema.org\/CreativeWork\" ><div class='avia_textblock'   itemprop=\"text\" ><p><iframe loading=\"lazy\" style=\"border: 0;\" src=\"https:\/\/www.google.com\/maps\/embed?pb=!1m18!1m12!1m3!1d40026.32006674596!2d16.561893664495994!3d51.17033377264574!2m3!1f0!2f0!3f0!3m2!1i1024!2i768!4f13.1!3m3!1m2!1s0x470fa286cee3fe51%3A0xc7770a12eaf22ad0!2zxZpyb2RhIMWabMSFc2th!5e0!3m2!1spl!2spl!4v1652903742825!5m2!1spl!2spl\" width=\"100%\" height=\"350\" allowfullscreen=\"allowfullscreen\"><\/iframe><\/p>\n<\/div><\/section><\/div>","protected":false},"excerpt":{"rendered":"","protected":false},"author":1,"featured_media":0,"parent":0,"menu_order":0,"comment_status":"closed","ping_status":"closed","template":"","meta":{"_monsterinsights_skip_tracking":false,"_monsterinsights_sitenote_active":false,"_monsterinsights_sitenote_note":"","_monsterinsights_sitenote_category":0},"yoast_head":"<!-- This site is optimized with the Yoast SEO plugin v17.7.1 - https:\/\/yoast.com\/wordpress\/plugins\/seo\/ -->\n<title>Klimatyzacja \u015aroda \u015al\u0105ska Monta\u017c i Serwis - Cord Klimatyzacje<\/title>\n<meta name=\"description\" content=\"Klimatyzacja \u015aroda \u015al\u0105ska monta\u017c i serwis. Naprawiamy wszystkie urz\u0105dzenia i systemy klimatyzacji. Zapraszamy do kontaktu!\" \/>\n<meta name=\"robots\" content=\"index, follow, max-snippet:-1, max-image-preview:large, max-video-preview:-1\" \/>\n<link rel=\"canonical\" href=\"https:\/\/cordklima.pl\/en\/klimatyzacja-sroda-slaska\/\" \/>\n<meta property=\"og:locale\" content=\"en_GB\" \/>\n<meta property=\"og:type\" content=\"article\" \/>\n<meta property=\"og:title\" content=\"Klimatyzacja \u015aroda \u015al\u0105ska Monta\u017c i Serwis - Cord Klimatyzacje\" \/>\n<meta property=\"og:description\" content=\"Klimatyzacja \u015aroda \u015al\u0105ska monta\u017c i serwis. Naprawiamy wszystkie urz\u0105dzenia i systemy klimatyzacji. Zapraszamy do kontaktu!\" \/>\n<meta property=\"og:url\" content=\"https:\/\/cordklima.pl\/en\/klimatyzacja-sroda-slaska\/\" \/>\n<meta property=\"article:publisher\" content=\"https:\/\/www.facebook.com\/CORDklima\/\" \/>\n<meta name=\"twitter:card\" content=\"summary_large_image\" \/>\n<meta name=\"twitter:label1\" content=\"Estimated reading time\" \/>\n\t<meta name=\"twitter:data1\" content=\"6 minutes\" \/>\n<!-- \/ Yoast SEO plugin. -->","yoast_head_json":{"title":"Klimatyzacja \u015aroda \u015al\u0105ska Monta\u017c i Serwis - Cord Klimatyzacje","description":"Klimatyzacja \u015aroda \u015al\u0105ska monta\u017c i serwis. Naprawiamy wszystkie urz\u0105dzenia i systemy klimatyzacji. Zapraszamy do kontaktu!","robots":{"index":"index","follow":"follow","max-snippet":"max-snippet:-1","max-image-preview":"max-image-preview:large","max-video-preview":"max-video-preview:-1"},"canonical":"https:\/\/cordklima.pl\/en\/klimatyzacja-sroda-slaska\/","og_locale":"en_GB","og_type":"article","og_title":"Klimatyzacja \u015aroda \u015al\u0105ska Monta\u017c i Serwis - Cord Klimatyzacje","og_description":"Klimatyzacja \u015aroda \u015al\u0105ska monta\u017c i serwis. Naprawiamy wszystkie urz\u0105dzenia i systemy klimatyzacji. Zapraszamy do kontaktu!","og_url":"https:\/\/cordklima.pl\/en\/klimatyzacja-sroda-slaska\/","article_publisher":"https:\/\/www.facebook.com\/CORDklima\/","twitter_card":"summary_large_image","twitter_misc":{"Estimated reading time":"6 minutes"},"schema":{"@context":"https:\/\/schema.org","@graph":[{"@type":"WebSite","@id":"https:\/\/cordklima.pl\/#website","url":"https:\/\/cordklima.pl\/","name":"","description":"","potentialAction":[{"@type":"SearchAction","target":{"@type":"EntryPoint","urlTemplate":"https:\/\/cordklima.pl\/?s={search_term_string}"},"query-input":"required name=search_term_string"}],"inLanguage":"en-GB"},{"@type":"WebPage","@id":"https:\/\/cordklima.pl\/klimatyzacja-sroda-slaska\/#webpage","url":"https:\/\/cordklima.pl\/klimatyzacja-sroda-slaska\/","name":"Klimatyzacja \u015aroda \u015al\u0105ska Monta\u017c i Serwis - Cord Klimatyzacje","isPartOf":{"@id":"https:\/\/cordklima.pl\/#website"},"datePublished":"2022-05-18T19:58:13+00:00","dateModified":"2022-05-18T19:58:13+00:00","description":"Klimatyzacja \u015aroda \u015al\u0105ska monta\u017c i serwis. Naprawiamy wszystkie urz\u0105dzenia i systemy klimatyzacji. Zapraszamy do kontaktu!","breadcrumb":{"@id":"https:\/\/cordklima.pl\/klimatyzacja-sroda-slaska\/#breadcrumb"},"inLanguage":"en-GB","potentialAction":[{"@type":"ReadAction","target":["https:\/\/cordklima.pl\/klimatyzacja-sroda-slaska\/"]}]},{"@type":"BreadcrumbList","@id":"https:\/\/cordklima.pl\/klimatyzacja-sroda-slaska\/#breadcrumb","itemListElement":[{"@type":"ListItem","position":1,"name":"Strona g\u0142\u00f3wna","item":"https:\/\/cordklima.pl\/home\/"},{"@type":"ListItem","position":2,"name":"Klimatyzacja \u015aroda \u015al\u0105ska"}]}]}},"_links":{"self":[{"href":"https:\/\/cordklima.pl\/en\/wp-json\/wp\/v2\/pages\/733"}],"collection":[{"href":"https:\/\/cordklima.pl\/en\/wp-json\/wp\/v2\/pages"}],"about":[{"href":"https:\/\/cordklima.pl\/en\/wp-json\/wp\/v2\/types\/page"}],"author":[{"embeddable":true,"href":"https:\/\/cordklima.pl\/en\/wp-json\/wp\/v2\/users\/1"}],"replies":[{"embeddable":true,"href":"https:\/\/cordklima.pl\/en\/wp-json\/wp\/v2\/comments?post=733"}],"version-history":[{"count":2,"href":"https:\/\/cordklima.pl\/en\/wp-json\/wp\/v2\/pages\/733\/revisions"}],"predecessor-version":[{"id":735,"href":"https:\/\/cordklima.pl\/en\/wp-json\/wp\/v2\/pages\/733\/revisions\/735"}],"wp:attachment":[{"href":"https:\/\/cordklima.pl\/en\/wp-json\/wp\/v2\/media?parent=733"}],"curies":[{"name":"wp","href":"https:\/\/api.w.org\/{rel}","templated":true}]}}